{"id":53415,"date":"2024-10-30T14:18:43","date_gmt":"2024-10-30T14:18:43","guid":{"rendered":"https:\/\/affectionate-hermann.82-223-68-221.plesk.page\/declaracion-consentimiento\/"},"modified":"2025-05-22T15:56:51","modified_gmt":"2025-05-22T15:56:51","slug":"declaracion-consentimiento","status":"publish","type":"page","link":"https:\/\/www.eleonordecasanovas.com\/en\/declaracion-consentimiento\/","title":{"rendered":"Declaraci\u00f3n consentimiento"},"content":{"rendered":"\t\t<div data-elementor-type=\"wp-page\" data-elementor-id=\"53415\" class=\"elementor elementor-53415 elementor-15039\" data-elementor-post-type=\"page\">\n\t\t\t\t<div class=\"elementor-element elementor-element-74933eb2 e-flex e-con-boxed e-con e-parent\" data-id=\"74933eb2\" data-element_type=\"container\" data-e-type=\"container\">\n\t\t\t\t\t<div class=\"e-con-inner\">\n\t\t\t\t<div class=\"elementor-element elementor-element-edeea35 elementor-widget elementor-widget-heading\" data-id=\"edeea35\" data-element_type=\"widget\" data-e-type=\"widget\" data-widget_type=\"heading.default\">\n\t\t\t\t<div class=\"elementor-widget-container\">\n\t\t\t\t\t<h2 class=\"elementor-heading-title elementor-size-default\">Declaraci\u00f3n consentimiento <\/h2>\t\t\t\t<\/div>\n\t\t\t\t<\/div>\n\t\t\t\t<div class=\"elementor-element elementor-element-19b8d795 elementor-widget elementor-widget-text-editor\" data-id=\"19b8d795\" data-element_type=\"widget\" data-e-type=\"widget\" data-widget_type=\"text-editor.default\">\n\t\t\t\t<div class=\"elementor-widget-container\">\n\t\t\t\t\t\t\t\t\t<p>En virtud del presente documento acuerdo que Eleonor de Casanovas podr\u00e1 realizar el tratamiento de:<\/p><ul><li>&#8211; los datos de contacto facilitados por mi parte a Eleonor de Casanovas.<\/li><li>&#8211; contenido y circunstancias de mi comunicaci\u00f3n electr\u00f3nica con Eleonor de Casanovas, tales como formularios de contacto o correo electr\u00f3nico.<\/li><li>&#8211; utilizaci\u00f3n por mi parte de los sitios web de Eleonor de Casanovas.<\/li><li>&#8211; participaci\u00f3n en promociones y concursos, e impresi\u00f3n y utilizaci\u00f3n de cupones descuento.<\/li><\/ul><p>con fines:<\/p><ul><li>&#8211; publicitarios (por correo, navegador, aplicaciones o seg\u00fan se especifica a continuaci\u00f3n si se aporta un consentimiento adicional).<\/li><li>&#8211; investigaci\u00f3n de mercado.<\/li><li>&#8211; comunicaci\u00f3n relativa a eventos.<\/li><li>&#8211; realizaci\u00f3n de encuestas.<\/li><\/ul><p>Para poder alcanzar los prop\u00f3sitos determinados, Eleonor de Casanovas podr\u00e1<\/p><ul><li>&#8211; combinar los datos enumerados anteriormente con otros datos que Eleonor de Casanovas pueda haber recopilado legalmente sobre usted, por ejemplo, en sorteos u otras actividades de sitios web.<\/li><li>&#8211; analizar los datos con el fin de determinar las acciones publicitarias pertinentes.<\/li><\/ul><p>Asimismo, acepto que Eleonor de Casanovas pueda ponerse en contacto conmigo para informarme sobre productos y servicios y sobre otras ofertas de Eleonor de Casanovas, a trav\u00e9s de correo electr\u00f3nico o tel\u00e9fono.<\/p><p>Para obtener m\u00e1s informaci\u00f3n sobre el modo en que Eleonor de Casanovas trata sus datos personales, consulte la <a href=\"https:\/\/www.eleonordecasanovas.com\/es\/politica-de-cookies-20\" target=\"_blank\" rel=\"noopener\">Pol\u00edtica de Privacidad<\/a><\/p><p>Podr\u00e1 retirar su consentimiento con efecto posterior en cualquier momento, a trav\u00e9s de un clic en el hiperv\u00ednculo correspondiente que aparece en el correo electr\u00f3nico de confirmaci\u00f3n de mi consentimiento o en la Pol\u00edtica de Privacidad.<\/p><p>La cancelaci\u00f3n de consentimiento no afecta a la legalidad del tratamiento conforme al consentimiento otorgado antes de ser cancelado.<\/p>\t\t\t\t\t\t\t\t<\/div>\n\t\t\t\t<\/div>\n\t\t\t\t\t<\/div>\n\t\t\t\t<\/div>\n\t\t\t\t<\/div>\n\t\t","protected":false},"excerpt":{"rendered":"<p>Declaraci\u00f3n consentimiento En virtud del presente documento acuerdo que Eleonor de Casanovas podr\u00e1 realizar el tratamiento de: &#8211; los datos de contacto facilitados por mi parte a Eleonor de Casanovas. &#8211; contenido y circunstancias de mi comunicaci\u00f3n electr\u00f3nica con Eleonor de Casanovas, tales como formularios de contacto o correo electr\u00f3nico. &#8211; utilizaci\u00f3n por mi parte [&hellip;]<\/p>\n","protected":false},"author":1,"featured_media":0,"parent":0,"menu_order":0,"comment_status":"closed","ping_status":"closed","template":"","meta":{"_acf_changed":false,"footnotes":""},"class_list":["post-53415","page","type-page","status-publish","hentry"],"acf":[],"yoast_head":"<!-- This site is optimized with the Yoast SEO plugin v27.5 - https:\/\/yoast.com\/product\/yoast-seo-wordpress\/ -->\n<title>Declaraci\u00f3n consentimiento - Eleonor de Casanovas<\/title>\n<meta name=\"robots\" content=\"index, follow, max-snippet:-1, max-image-preview:large, max-video-preview:-1\" \/>\n<link rel=\"canonical\" href=\"https:\/\/www.eleonordecasanovas.com\/en\/declaracion-consentimiento\/\" \/>\n<meta property=\"og:locale\" content=\"en_US\" \/>\n<meta property=\"og:type\" content=\"article\" \/>\n<meta property=\"og:title\" content=\"Declaraci\u00f3n consentimiento - Eleonor de Casanovas\" \/>\n<meta property=\"og:description\" content=\"Declaraci\u00f3n consentimiento En virtud del presente documento acuerdo que Eleonor de Casanovas podr\u00e1 realizar el tratamiento de: &#8211; los datos de contacto facilitados por mi parte a Eleonor de Casanovas. &#8211; contenido y circunstancias de mi comunicaci\u00f3n electr\u00f3nica con Eleonor de Casanovas, tales como formularios de contacto o correo electr\u00f3nico. &#8211; utilizaci\u00f3n por mi parte [&hellip;]\" \/>\n<meta property=\"og:url\" content=\"https:\/\/www.eleonordecasanovas.com\/en\/declaracion-consentimiento\/\" \/>\n<meta property=\"og:site_name\" content=\"Eleonor de Casanovas\" \/>\n<meta property=\"article:modified_time\" content=\"2025-05-22T15:56:51+00:00\" \/>\n<meta name=\"twitter:card\" content=\"summary_large_image\" \/>\n<meta name=\"twitter:label1\" content=\"Est. reading time\" \/>\n\t<meta name=\"twitter:data1\" content=\"1 minute\" \/>\n<script type=\"application\/ld+json\" class=\"yoast-schema-graph\">{\"@context\":\"https:\\\/\\\/schema.org\",\"@graph\":[{\"@type\":\"WebPage\",\"@id\":\"https:\\\/\\\/www.eleonordecasanovas.com\\\/en\\\/declaracion-consentimiento\\\/\",\"url\":\"https:\\\/\\\/www.eleonordecasanovas.com\\\/en\\\/declaracion-consentimiento\\\/\",\"name\":\"Declaraci\u00f3n consentimiento - Eleonor de Casanovas\",\"isPartOf\":{\"@id\":\"https:\\\/\\\/www.eleonordecasanovas.com\\\/#website\"},\"datePublished\":\"2024-10-30T14:18:43+00:00\",\"dateModified\":\"2025-05-22T15:56:51+00:00\",\"breadcrumb\":{\"@id\":\"https:\\\/\\\/www.eleonordecasanovas.com\\\/en\\\/declaracion-consentimiento\\\/#breadcrumb\"},\"inLanguage\":\"en-US\",\"potentialAction\":[{\"@type\":\"ReadAction\",\"target\":[\"https:\\\/\\\/www.eleonordecasanovas.com\\\/en\\\/declaracion-consentimiento\\\/\"]}]},{\"@type\":\"BreadcrumbList\",\"@id\":\"https:\\\/\\\/www.eleonordecasanovas.com\\\/en\\\/declaracion-consentimiento\\\/#breadcrumb\",\"itemListElement\":[{\"@type\":\"ListItem\",\"position\":1,\"name\":\"Portada\",\"item\":\"https:\\\/\\\/www.eleonordecasanovas.com\\\/\"},{\"@type\":\"ListItem\",\"position\":2,\"name\":\"Declaraci\u00f3n consentimiento\"}]},{\"@type\":\"WebSite\",\"@id\":\"https:\\\/\\\/www.eleonordecasanovas.com\\\/#website\",\"url\":\"https:\\\/\\\/www.eleonordecasanovas.com\\\/\",\"name\":\"Eleonor de Casanovas\",\"description\":\"Fashion Jewelry Barcelona\",\"publisher\":{\"@id\":\"https:\\\/\\\/www.eleonordecasanovas.com\\\/#organization\"},\"potentialAction\":[{\"@type\":\"SearchAction\",\"target\":{\"@type\":\"EntryPoint\",\"urlTemplate\":\"https:\\\/\\\/www.eleonordecasanovas.com\\\/?s={search_term_string}\"},\"query-input\":{\"@type\":\"PropertyValueSpecification\",\"valueRequired\":true,\"valueName\":\"search_term_string\"}}],\"inLanguage\":\"en-US\"},{\"@type\":\"Organization\",\"@id\":\"https:\\\/\\\/www.eleonordecasanovas.com\\\/#organization\",\"name\":\"Eleonor de Casanovas\",\"url\":\"https:\\\/\\\/www.eleonordecasanovas.com\\\/\",\"logo\":{\"@type\":\"ImageObject\",\"inLanguage\":\"en-US\",\"@id\":\"https:\\\/\\\/www.eleonordecasanovas.com\\\/#\\\/schema\\\/logo\\\/image\\\/\",\"url\":\"https:\\\/\\\/www.eleonordecasanovas.com\\\/wp-content\\\/uploads\\\/2024\\\/10\\\/logo_eleonor.jpg\",\"contentUrl\":\"https:\\\/\\\/www.eleonordecasanovas.com\\\/wp-content\\\/uploads\\\/2024\\\/10\\\/logo_eleonor.jpg\",\"width\":1407,\"height\":288,\"caption\":\"Eleonor de Casanovas\"},\"image\":{\"@id\":\"https:\\\/\\\/www.eleonordecasanovas.com\\\/#\\\/schema\\\/logo\\\/image\\\/\"}}]}<\/script>\n<!-- \/ Yoast SEO plugin. -->","yoast_head_json":{"title":"Declaraci\u00f3n consentimiento - Eleonor de Casanovas","robots":{"index":"index","follow":"follow","max-snippet":"max-snippet:-1","max-image-preview":"max-image-preview:large","max-video-preview":"max-video-preview:-1"},"canonical":"https:\/\/www.eleonordecasanovas.com\/en\/declaracion-consentimiento\/","og_locale":"en_US","og_type":"article","og_title":"Declaraci\u00f3n consentimiento - Eleonor de Casanovas","og_description":"Declaraci\u00f3n consentimiento En virtud del presente documento acuerdo que Eleonor de Casanovas podr\u00e1 realizar el tratamiento de: &#8211; los datos de contacto facilitados por mi parte a Eleonor de Casanovas. &#8211; contenido y circunstancias de mi comunicaci\u00f3n electr\u00f3nica con Eleonor de Casanovas, tales como formularios de contacto o correo electr\u00f3nico. &#8211; utilizaci\u00f3n por mi parte [&hellip;]","og_url":"https:\/\/www.eleonordecasanovas.com\/en\/declaracion-consentimiento\/","og_site_name":"Eleonor de Casanovas","article_modified_time":"2025-05-22T15:56:51+00:00","twitter_card":"summary_large_image","twitter_misc":{"Est. reading time":"1 minute"},"schema":{"@context":"https:\/\/schema.org","@graph":[{"@type":"WebPage","@id":"https:\/\/www.eleonordecasanovas.com\/en\/declaracion-consentimiento\/","url":"https:\/\/www.eleonordecasanovas.com\/en\/declaracion-consentimiento\/","name":"Declaraci\u00f3n consentimiento - Eleonor de Casanovas","isPartOf":{"@id":"https:\/\/www.eleonordecasanovas.com\/#website"},"datePublished":"2024-10-30T14:18:43+00:00","dateModified":"2025-05-22T15:56:51+00:00","breadcrumb":{"@id":"https:\/\/www.eleonordecasanovas.com\/en\/declaracion-consentimiento\/#breadcrumb"},"inLanguage":"en-US","potentialAction":[{"@type":"ReadAction","target":["https:\/\/www.eleonordecasanovas.com\/en\/declaracion-consentimiento\/"]}]},{"@type":"BreadcrumbList","@id":"https:\/\/www.eleonordecasanovas.com\/en\/declaracion-consentimiento\/#breadcrumb","itemListElement":[{"@type":"ListItem","position":1,"name":"Portada","item":"https:\/\/www.eleonordecasanovas.com\/"},{"@type":"ListItem","position":2,"name":"Declaraci\u00f3n consentimiento"}]},{"@type":"WebSite","@id":"https:\/\/www.eleonordecasanovas.com\/#website","url":"https:\/\/www.eleonordecasanovas.com\/","name":"Eleonor de Casanovas","description":"Fashion Jewelry Barcelona","publisher":{"@id":"https:\/\/www.eleonordecasanovas.com\/#organization"},"potentialAction":[{"@type":"SearchAction","target":{"@type":"EntryPoint","urlTemplate":"https:\/\/www.eleonordecasanovas.com\/?s={search_term_string}"},"query-input":{"@type":"PropertyValueSpecification","valueRequired":true,"valueName":"search_term_string"}}],"inLanguage":"en-US"},{"@type":"Organization","@id":"https:\/\/www.eleonordecasanovas.com\/#organization","name":"Eleonor de Casanovas","url":"https:\/\/www.eleonordecasanovas.com\/","logo":{"@type":"ImageObject","inLanguage":"en-US","@id":"https:\/\/www.eleonordecasanovas.com\/#\/schema\/logo\/image\/","url":"https:\/\/www.eleonordecasanovas.com\/wp-content\/uploads\/2024\/10\/logo_eleonor.jpg","contentUrl":"https:\/\/www.eleonordecasanovas.com\/wp-content\/uploads\/2024\/10\/logo_eleonor.jpg","width":1407,"height":288,"caption":"Eleonor de Casanovas"},"image":{"@id":"https:\/\/www.eleonordecasanovas.com\/#\/schema\/logo\/image\/"}}]}},"_links":{"self":[{"href":"https:\/\/www.eleonordecasanovas.com\/en\/wp-json\/wp\/v2\/pages\/53415","targetHints":{"allow":["GET"]}}],"collection":[{"href":"https:\/\/www.eleonordecasanovas.com\/en\/wp-json\/wp\/v2\/pages"}],"about":[{"href":"https:\/\/www.eleonordecasanovas.com\/en\/wp-json\/wp\/v2\/types\/page"}],"author":[{"embeddable":true,"href":"https:\/\/www.eleonordecasanovas.com\/en\/wp-json\/wp\/v2\/users\/1"}],"replies":[{"embeddable":true,"href":"https:\/\/www.eleonordecasanovas.com\/en\/wp-json\/wp\/v2\/comments?post=53415"}],"version-history":[{"count":0,"href":"https:\/\/www.eleonordecasanovas.com\/en\/wp-json\/wp\/v2\/pages\/53415\/revisions"}],"wp:attachment":[{"href":"https:\/\/www.eleonordecasanovas.com\/en\/wp-json\/wp\/v2\/media?parent=53415"}],"curies":[{"name":"wp","href":"https:\/\/api.w.org\/{rel}","templated":true}]}}