{"id":53417,"date":"2024-10-23T14:23:39","date_gmt":"2024-10-23T14:23:39","guid":{"rendered":"https:\/\/affectionate-hermann.82-223-68-221.plesk.page\/my-wishlist\/"},"modified":"2025-05-23T11:24:48","modified_gmt":"2025-05-23T11:24:48","slug":"my-wishlist","status":"publish","type":"page","link":"https:\/\/www.eleonordecasanovas.com\/en\/my-wishlist\/","title":{"rendered":"My wishlist"},"content":{"rendered":"\t\t<div data-elementor-type=\"wp-page\" data-elementor-id=\"53417\" class=\"elementor elementor-53417 elementor-46\" data-elementor-post-type=\"page\">\n\t\t\t\t<div class=\"elementor-element elementor-element-72a6c2d8 e-flex e-con-boxed e-con e-parent\" data-id=\"72a6c2d8\" data-element_type=\"container\" data-e-type=\"container\">\n\t\t\t\t\t<div class=\"e-con-inner\">\n\t\t\t\t<div class=\"elementor-element elementor-element-6814f94 elementor-widget elementor-widget-heading\" data-id=\"6814f94\" data-element_type=\"widget\" data-e-type=\"widget\" data-widget_type=\"heading.default\">\n\t\t\t\t<div class=\"elementor-widget-container\">\n\t\t\t\t\t<h2 class=\"elementor-heading-title elementor-size-default\">My wishlist<\/h2>\t\t\t\t<\/div>\n\t\t\t\t<\/div>\n\t\t\t\t<div class=\"elementor-element elementor-element-d32c882 elementor-widget elementor-widget-wlfmc-wish-list\" data-id=\"d32c882\" data-element_type=\"widget\" data-e-type=\"widget\" data-widget_type=\"wlfmc-wish-list.default\">\n\t\t\t\t<div class=\"elementor-widget-container\">\n\t\t\t\t\t\n\n\n<form id=\"wlfmc-wishlist-form\" action=\"https:\/\/www.eleonordecasanovas.com\/en\/my-wishlist\/\" method=\"post\" class=\"wlfmc-wishlist-form wlfmc-wishlist-id-d32c882 wlfmc-wishlist-fragment woocommerce \" data-fragment-options=\"{&quot;unique_id&quot;:&quot;id-d32c882&quot;,&quot;is_elementor&quot;:&quot;true&quot;,&quot;has_access&quot;:true,&quot;wishlist_id&quot;:false,&quot;action_params&quot;:false,&quot;per_page&quot;:&quot;10&quot;,&quot;current_page&quot;:1,&quot;pagination&quot;:true,&quot;wishlist_url&quot;:&quot;https:\\\/\\\/www.eleonordecasanovas.com\\\/en\\\/my-wishlist\\\/?lang=en&quot;,&quot;no_interactions&quot;:false,&quot;items_show&quot;:&quot;product-name,product-thumbnail,product-variation,product-price,product-add-to-cart,product-remove&quot;,&quot;total_price_mode&quot;:&quot;classic&quot;,&quot;total_position&quot;:&quot;below-action-bar&quot;,&quot;enable_layout_toggle&quot;:false,&quot;product_move&quot;:false,&quot;product_copy&quot;:false,&quot;move_all_to_list_label&quot;:&quot;Move all to list&quot;,&quot;copy_all_to_list_label&quot;:&quot;Copy all to list&quot;,&quot;show_total_price&quot;:false,&quot;enable_drag_n_drop&quot;:false,&quot;is_cache_enabled&quot;:&quot;&quot;,&quot;wishlist_page_title&quot;:&quot;My wishlist&quot;,&quot;view_mode&quot;:&quot;grid&quot;,&quot;button_add_to_cart_style&quot;:&quot;&quot;,&quot;qty_style&quot;:&quot;true&quot;,&quot;pagination_style&quot;:&quot;true&quot;,&quot;custom_template&quot;:&quot;&quot;,&quot;enable_actions&quot;:false,&quot;enable_all_add_to_cart&quot;:false,&quot;enable_share&quot;:&quot;&quot;,&quot;share_position&quot;:&quot;after_table&quot;,&quot;share_items&quot;:&quot;facebook,messenger,twitter,whatsapp,telegram,email,copy,pdf&quot;,&quot;socials_title&quot;:&quot;My Wishlist on Rita Brandao&quot;,&quot;login_notice&quot;:false,&quot;base_url&quot;:&quot;&quot;,&quot;wishlist&quot;:false,&quot;wishlist_token&quot;:&quot;&quot;,&quot;is_private&quot;:false,&quot;count&quot;:0,&quot;wishlist_items&quot;:&quot;&quot;,&quot;page_links&quot;:false,&quot;is_user_logged_in&quot;:false,&quot;is_user_owner&quot;:false,&quot;merge_lists&quot;:false,&quot;popup_vertical&quot;:&quot;center&quot;,&quot;popup_horizontal&quot;:&quot;center&quot;,&quot;empty_wishlist_title&quot;:&quot;Your wishlist is empty&quot;,&quot;empty_wishlist_content&quot;:&quot;&lt;p&gt;No items&lt;\\\/p&gt;&quot;,&quot;tooltip_class&quot;:&quot; wlfmc-tooltip wlfmc-tooltip-top&quot;,&quot;tooltip_type&quot;:&quot;default&quot;,&quot;wishlist_class&quot;:&quot;wlfmc-default-table is-elementor qty-same-button&quot;,&quot;wishlist_header_class&quot;:&quot;wlfmc-default-table-header&quot;,&quot;wishlist_pagination_class&quot;:&quot;wishlist-pagination&quot;,&quot;share_enabled&quot;:false,&quot;template_part&quot;:&quot;view&quot;,&quot;additional_info&quot;:false,&quot;available_multi_list&quot;:false,&quot;gdpr_enable&quot;:false,&quot;unsubscribed&quot;:false,&quot;users_wishlists&quot;:&quot;&quot;,&quot;redirect_to_cart&quot;:&quot;&quot;,&quot;form_action&quot;:&quot;https:\\\/\\\/www.eleonordecasanovas.com\\\/en\\\/my-wishlist\\\/&quot;,&quot;item&quot;:&quot;wishlist&quot;}\" data-fragment-ref=\"wishlist\">\n\t\n\t\n\t\n\t\n\t<div class=\"wlfmc-wishlist-table-wrapper\">\n\n\t\t\n\t\t<table\n\t\t\tclass=\"wlfmc-wishlist-table wlfmc-wishlist-items-wrapper wlfmc-list   view-mode-grid  wlfmc-default-table is-elementor qty-same-button\"\n\t\t\tdata-pagination=\"1\"\n\t\t\tdata-per-page=\"10\"\n\t\t\tdata-page=\"1\"\n\t\t\tdata-id=\"\"\n\t\t\tdata-wishlist-type=\"\"\n\t\t\tdata-customer-id=\"\"\n\t\t\tdata-is-owner=\"\"\n\t\t\tdata-token=\"\"\n\t\t\tdata-nonce=\"df6c678f04\">\n\t\t\t<tbody class=\"wishlist-items-wrapper wishlist-empty\">\n\n\t\t\t\t\t\t\t<tr class=\"wishlist-empty-row\">\n\t\t\t\t\t<td colspan=\"3\" class=\"last-column\">\n\t\t\t\t\t\t<img fetchpriority=\"high\" decoding=\"async\" class=\"empty-image\" src=\"https:\/\/www.eleonordecasanovas.com\/wp-content\/plugins\/smart-wishlist-for-more-convert\/assets\/frontend\/images\/empty-wishlist.svg\" width=\"400\" height=\"216\"><h3 class=\"empty-title\">Your wishlist is empty<\/h3><div class=\"empty-content\"><p>No items<\/p><\/div><a href=\"https:\/\/www.eleonordecasanovas.com\/en\/shop\/\" class=\"wc-forward button empty-button\">Go to shop<\/a>\t\t\t\t\t<\/td>\n\t\t\t\t<\/tr>\n\t\t\t\t\t\t<\/tbody>\n\t\t\t<tfoot class=\"wlfmc-wishlist-footer\">\n\t\t\t\t\t\t\n\t\t\t\n\t\t\t\n\t\t\t\n\t\t\t\n\t\t\t\n\t\t\t<\/tfoot>\n\t\t<\/table>\n\n\t\t\n\t\t\n\t\t\n\t<\/div>\n<\/form>\n\n\t\t\t\t<\/div>\n\t\t\t\t<\/div>\n\t\t\t\t\t<\/div>\n\t\t\t\t<\/div>\n\t\t\t\t<\/div>\n\t\t","protected":false},"excerpt":{"rendered":"<p>My wishlist Tu lista de favoritos est\u00e1 vac\u00eda No has a\u00f1adido a\u00fan productos favoritos Ir a la tienda<\/p>\n","protected":false},"author":1,"featured_media":0,"parent":0,"menu_order":0,"comment_status":"closed","ping_status":"closed","template":"","meta":{"_acf_changed":false,"footnotes":""},"class_list":["post-53417","page","type-page","status-publish","hentry"],"acf":[],"yoast_head":"<!-- This site is optimized with the Yoast SEO plugin v27.5 - https:\/\/yoast.com\/product\/yoast-seo-wordpress\/ -->\n<title>My wishlist - Eleonor de Casanovas<\/title>\n<meta name=\"robots\" content=\"index, follow, max-snippet:-1, max-image-preview:large, max-video-preview:-1\" \/>\n<link rel=\"canonical\" href=\"https:\/\/www.eleonordecasanovas.com\/en\/my-wishlist\/\" \/>\n<meta property=\"og:locale\" content=\"en_US\" \/>\n<meta property=\"og:type\" content=\"article\" \/>\n<meta property=\"og:title\" content=\"My wishlist - Eleonor de Casanovas\" \/>\n<meta property=\"og:description\" content=\"My wishlist Tu lista de favoritos est\u00e1 vac\u00eda No has a\u00f1adido a\u00fan productos favoritos Ir a la tienda\" \/>\n<meta property=\"og:url\" content=\"https:\/\/www.eleonordecasanovas.com\/en\/my-wishlist\/\" \/>\n<meta property=\"og:site_name\" content=\"Eleonor de Casanovas\" \/>\n<meta property=\"article:modified_time\" content=\"2025-05-23T11:24:48+00:00\" \/>\n<meta property=\"og:image\" content=\"https:\/\/www.eleonordecasanovas.com\/wp-content\/plugins\/smart-wishlist-for-more-convert\/assets\/frontend\/images\/empty-wishlist.svg\" \/>\n<meta name=\"twitter:card\" content=\"summary_large_image\" \/>\n<script type=\"application\/ld+json\" class=\"yoast-schema-graph\">{\"@context\":\"https:\\\/\\\/schema.org\",\"@graph\":[{\"@type\":\"WebPage\",\"@id\":\"https:\\\/\\\/www.eleonordecasanovas.com\\\/en\\\/my-wishlist\\\/\",\"url\":\"https:\\\/\\\/www.eleonordecasanovas.com\\\/en\\\/my-wishlist\\\/\",\"name\":\"My wishlist - Eleonor de Casanovas\",\"isPartOf\":{\"@id\":\"https:\\\/\\\/www.eleonordecasanovas.com\\\/#website\"},\"primaryImageOfPage\":{\"@id\":\"https:\\\/\\\/www.eleonordecasanovas.com\\\/en\\\/my-wishlist\\\/#primaryimage\"},\"image\":{\"@id\":\"https:\\\/\\\/www.eleonordecasanovas.com\\\/en\\\/my-wishlist\\\/#primaryimage\"},\"thumbnailUrl\":\"https:\\\/\\\/www.eleonordecasanovas.com\\\/wp-content\\\/plugins\\\/smart-wishlist-for-more-convert\\\/assets\\\/frontend\\\/images\\\/empty-wishlist.svg\",\"datePublished\":\"2024-10-23T14:23:39+00:00\",\"dateModified\":\"2025-05-23T11:24:48+00:00\",\"breadcrumb\":{\"@id\":\"https:\\\/\\\/www.eleonordecasanovas.com\\\/en\\\/my-wishlist\\\/#breadcrumb\"},\"inLanguage\":\"en-US\",\"potentialAction\":[{\"@type\":\"ReadAction\",\"target\":[\"https:\\\/\\\/www.eleonordecasanovas.com\\\/en\\\/my-wishlist\\\/\"]}]},{\"@type\":\"ImageObject\",\"inLanguage\":\"en-US\",\"@id\":\"https:\\\/\\\/www.eleonordecasanovas.com\\\/en\\\/my-wishlist\\\/#primaryimage\",\"url\":\"https:\\\/\\\/www.eleonordecasanovas.com\\\/wp-content\\\/plugins\\\/smart-wishlist-for-more-convert\\\/assets\\\/frontend\\\/images\\\/empty-wishlist.svg\",\"contentUrl\":\"https:\\\/\\\/www.eleonordecasanovas.com\\\/wp-content\\\/plugins\\\/smart-wishlist-for-more-convert\\\/assets\\\/frontend\\\/images\\\/empty-wishlist.svg\"},{\"@type\":\"BreadcrumbList\",\"@id\":\"https:\\\/\\\/www.eleonordecasanovas.com\\\/en\\\/my-wishlist\\\/#breadcrumb\",\"itemListElement\":[{\"@type\":\"ListItem\",\"position\":1,\"name\":\"Portada\",\"item\":\"https:\\\/\\\/www.eleonordecasanovas.com\\\/\"},{\"@type\":\"ListItem\",\"position\":2,\"name\":\"My wishlist\"}]},{\"@type\":\"WebSite\",\"@id\":\"https:\\\/\\\/www.eleonordecasanovas.com\\\/#website\",\"url\":\"https:\\\/\\\/www.eleonordecasanovas.com\\\/\",\"name\":\"Eleonor de Casanovas\",\"description\":\"Fashion Jewelry Barcelona\",\"publisher\":{\"@id\":\"https:\\\/\\\/www.eleonordecasanovas.com\\\/#organization\"},\"potentialAction\":[{\"@type\":\"SearchAction\",\"target\":{\"@type\":\"EntryPoint\",\"urlTemplate\":\"https:\\\/\\\/www.eleonordecasanovas.com\\\/?s={search_term_string}\"},\"query-input\":{\"@type\":\"PropertyValueSpecification\",\"valueRequired\":true,\"valueName\":\"search_term_string\"}}],\"inLanguage\":\"en-US\"},{\"@type\":\"Organization\",\"@id\":\"https:\\\/\\\/www.eleonordecasanovas.com\\\/#organization\",\"name\":\"Eleonor de Casanovas\",\"url\":\"https:\\\/\\\/www.eleonordecasanovas.com\\\/\",\"logo\":{\"@type\":\"ImageObject\",\"inLanguage\":\"en-US\",\"@id\":\"https:\\\/\\\/www.eleonordecasanovas.com\\\/#\\\/schema\\\/logo\\\/image\\\/\",\"url\":\"https:\\\/\\\/www.eleonordecasanovas.com\\\/wp-content\\\/uploads\\\/2024\\\/10\\\/logo_eleonor.jpg\",\"contentUrl\":\"https:\\\/\\\/www.eleonordecasanovas.com\\\/wp-content\\\/uploads\\\/2024\\\/10\\\/logo_eleonor.jpg\",\"width\":1407,\"height\":288,\"caption\":\"Eleonor de Casanovas\"},\"image\":{\"@id\":\"https:\\\/\\\/www.eleonordecasanovas.com\\\/#\\\/schema\\\/logo\\\/image\\\/\"}}]}<\/script>\n<!-- \/ Yoast SEO plugin. -->","yoast_head_json":{"title":"My wishlist - Eleonor de Casanovas","robots":{"index":"index","follow":"follow","max-snippet":"max-snippet:-1","max-image-preview":"max-image-preview:large","max-video-preview":"max-video-preview:-1"},"canonical":"https:\/\/www.eleonordecasanovas.com\/en\/my-wishlist\/","og_locale":"en_US","og_type":"article","og_title":"My wishlist - Eleonor de Casanovas","og_description":"My wishlist Tu lista de favoritos est\u00e1 vac\u00eda No has a\u00f1adido a\u00fan productos favoritos Ir a la tienda","og_url":"https:\/\/www.eleonordecasanovas.com\/en\/my-wishlist\/","og_site_name":"Eleonor de Casanovas","article_modified_time":"2025-05-23T11:24:48+00:00","og_image":[{"url":"https:\/\/www.eleonordecasanovas.com\/wp-content\/plugins\/smart-wishlist-for-more-convert\/assets\/frontend\/images\/empty-wishlist.svg","type":"","width":"","height":""}],"twitter_card":"summary_large_image","schema":{"@context":"https:\/\/schema.org","@graph":[{"@type":"WebPage","@id":"https:\/\/www.eleonordecasanovas.com\/en\/my-wishlist\/","url":"https:\/\/www.eleonordecasanovas.com\/en\/my-wishlist\/","name":"My wishlist - Eleonor de Casanovas","isPartOf":{"@id":"https:\/\/www.eleonordecasanovas.com\/#website"},"primaryImageOfPage":{"@id":"https:\/\/www.eleonordecasanovas.com\/en\/my-wishlist\/#primaryimage"},"image":{"@id":"https:\/\/www.eleonordecasanovas.com\/en\/my-wishlist\/#primaryimage"},"thumbnailUrl":"https:\/\/www.eleonordecasanovas.com\/wp-content\/plugins\/smart-wishlist-for-more-convert\/assets\/frontend\/images\/empty-wishlist.svg","datePublished":"2024-10-23T14:23:39+00:00","dateModified":"2025-05-23T11:24:48+00:00","breadcrumb":{"@id":"https:\/\/www.eleonordecasanovas.com\/en\/my-wishlist\/#breadcrumb"},"inLanguage":"en-US","potentialAction":[{"@type":"ReadAction","target":["https:\/\/www.eleonordecasanovas.com\/en\/my-wishlist\/"]}]},{"@type":"ImageObject","inLanguage":"en-US","@id":"https:\/\/www.eleonordecasanovas.com\/en\/my-wishlist\/#primaryimage","url":"https:\/\/www.eleonordecasanovas.com\/wp-content\/plugins\/smart-wishlist-for-more-convert\/assets\/frontend\/images\/empty-wishlist.svg","contentUrl":"https:\/\/www.eleonordecasanovas.com\/wp-content\/plugins\/smart-wishlist-for-more-convert\/assets\/frontend\/images\/empty-wishlist.svg"},{"@type":"BreadcrumbList","@id":"https:\/\/www.eleonordecasanovas.com\/en\/my-wishlist\/#breadcrumb","itemListElement":[{"@type":"ListItem","position":1,"name":"Portada","item":"https:\/\/www.eleonordecasanovas.com\/"},{"@type":"ListItem","position":2,"name":"My wishlist"}]},{"@type":"WebSite","@id":"https:\/\/www.eleonordecasanovas.com\/#website","url":"https:\/\/www.eleonordecasanovas.com\/","name":"Eleonor de Casanovas","description":"Fashion Jewelry Barcelona","publisher":{"@id":"https:\/\/www.eleonordecasanovas.com\/#organization"},"potentialAction":[{"@type":"SearchAction","target":{"@type":"EntryPoint","urlTemplate":"https:\/\/www.eleonordecasanovas.com\/?s={search_term_string}"},"query-input":{"@type":"PropertyValueSpecification","valueRequired":true,"valueName":"search_term_string"}}],"inLanguage":"en-US"},{"@type":"Organization","@id":"https:\/\/www.eleonordecasanovas.com\/#organization","name":"Eleonor de Casanovas","url":"https:\/\/www.eleonordecasanovas.com\/","logo":{"@type":"ImageObject","inLanguage":"en-US","@id":"https:\/\/www.eleonordecasanovas.com\/#\/schema\/logo\/image\/","url":"https:\/\/www.eleonordecasanovas.com\/wp-content\/uploads\/2024\/10\/logo_eleonor.jpg","contentUrl":"https:\/\/www.eleonordecasanovas.com\/wp-content\/uploads\/2024\/10\/logo_eleonor.jpg","width":1407,"height":288,"caption":"Eleonor de Casanovas"},"image":{"@id":"https:\/\/www.eleonordecasanovas.com\/#\/schema\/logo\/image\/"}}]}},"_links":{"self":[{"href":"https:\/\/www.eleonordecasanovas.com\/en\/wp-json\/wp\/v2\/pages\/53417","targetHints":{"allow":["GET"]}}],"collection":[{"href":"https:\/\/www.eleonordecasanovas.com\/en\/wp-json\/wp\/v2\/pages"}],"about":[{"href":"https:\/\/www.eleonordecasanovas.com\/en\/wp-json\/wp\/v2\/types\/page"}],"author":[{"embeddable":true,"href":"https:\/\/www.eleonordecasanovas.com\/en\/wp-json\/wp\/v2\/users\/1"}],"replies":[{"embeddable":true,"href":"https:\/\/www.eleonordecasanovas.com\/en\/wp-json\/wp\/v2\/comments?post=53417"}],"version-history":[{"count":0,"href":"https:\/\/www.eleonordecasanovas.com\/en\/wp-json\/wp\/v2\/pages\/53417\/revisions"}],"wp:attachment":[{"href":"https:\/\/www.eleonordecasanovas.com\/en\/wp-json\/wp\/v2\/media?parent=53417"}],"curies":[{"name":"wp","href":"https:\/\/api.w.org\/{rel}","templated":true}]}}