{"id":53425,"date":"2024-10-30T14:17:39","date_gmt":"2024-10-30T14:17:39","guid":{"rendered":"https:\/\/affectionate-hermann.82-223-68-221.plesk.page\/condiciones-de-uso\/"},"modified":"2025-05-23T07:43:31","modified_gmt":"2025-05-23T07:43:31","slug":"condiciones-de-uso","status":"publish","type":"page","link":"https:\/\/www.eleonordecasanovas.com\/en\/condiciones-de-uso\/","title":{"rendered":"Condiciones de uso"},"content":{"rendered":"\t\t<div data-elementor-type=\"wp-page\" data-elementor-id=\"53425\" class=\"elementor elementor-53425 elementor-15034\" data-elementor-post-type=\"page\">\n\t\t\t\t<div class=\"elementor-element elementor-element-74933eb2 e-flex e-con-boxed e-con e-parent\" data-id=\"74933eb2\" data-element_type=\"container\" data-e-type=\"container\">\n\t\t\t\t\t<div class=\"e-con-inner\">\n\t\t\t\t<div class=\"elementor-element elementor-element-edeea35 elementor-widget elementor-widget-heading\" data-id=\"edeea35\" data-element_type=\"widget\" data-e-type=\"widget\" data-widget_type=\"heading.default\">\n\t\t\t\t<div class=\"elementor-widget-container\">\n\t\t\t\t\t<h2 class=\"elementor-heading-title elementor-size-default\">Condiciones de uso<\/h2>\t\t\t\t<\/div>\n\t\t\t\t<\/div>\n\t\t\t\t<div class=\"elementor-element elementor-element-19b8d795 elementor-widget elementor-widget-text-editor\" data-id=\"19b8d795\" data-element_type=\"widget\" data-e-type=\"widget\" data-widget_type=\"text-editor.default\">\n\t\t\t\t<div class=\"elementor-widget-container\">\n\t\t\t\t\t\t\t\t\t<p>Para realizar sus compras en nuestra tienda o acceder a determinados servicios, deber\u00e1 registrar sus datos personales y elegir una contrase\u00f1a que le permitir\u00e1 acceder a todas aquellas zonas que requieran una identificaci\u00f3n previa. Esto evitar\u00e1 que, en lo sucesivo, tenga que volver a cumplimentarlos.<br>En el momento en que usted se registra en nuestro servidor seguro o realiza un pedido, sus datos personales, domiciliarios, y los relativos a su forma de pago, son incorporados a nuestra base de datos, utiliz\u00e1ndose \u00fanicamente para tramitar el pedido, as\u00ed como para enviar informaci\u00f3n sobre ofertas y servicios que puedan resultar de su inter\u00e9s.<\/p><p>En cualquier momento podr\u00e1 modificar los datos de su registro de cliente (cambio de domicilio, tel\u00e9fono&#8230;.) o solicitarnos el recordatorio de su contrase\u00f1a si la ha olvidado.<br>Una vez realizado el pedido, s\u00f3lo se considerar\u00e1 formalizada la venta previa confirmaci\u00f3n por parte de ELEONOR DE CASANOVAS de que se dispone de suficientes existencias de los art\u00edculos seleccionados en el pedido y previo abono de su importe \u00edntegro mediante pago por tarjeta de cr\u00e9dito v\u00e1lida en ServiRed (VISA o MASTERCARD), Paypal, transferencia bancaria, Bizum o Klarna.<\/p><p><strong>En NING\u00daN CASO dispondr\u00e1 ELEONOR DE CASANOVAS de los datos relativos a sus tarjetas de cr\u00e9dito, al ser procesados los mismas por la pasarela de pagos segura de ServiRed Sermepa que dispone de las certificaciones m\u00e1s avanzadas de seguridad (Verified by VISA).<\/strong><\/p>\t\t\t\t\t\t\t\t<\/div>\n\t\t\t\t<\/div>\n\t\t\t\t\t<\/div>\n\t\t\t\t<\/div>\n\t\t\t\t<\/div>\n\t\t","protected":false},"excerpt":{"rendered":"<p>Condiciones de uso Para realizar sus compras en nuestra tienda o acceder a determinados servicios, deber\u00e1 registrar sus datos personales y elegir una contrase\u00f1a que le permitir\u00e1 acceder a todas aquellas zonas que requieran una identificaci\u00f3n previa. Esto evitar\u00e1 que, en lo sucesivo, tenga que volver a cumplimentarlos.En el momento en que usted se registra [&hellip;]<\/p>\n","protected":false},"author":1,"featured_media":0,"parent":0,"menu_order":0,"comment_status":"closed","ping_status":"closed","template":"","meta":{"_acf_changed":false,"footnotes":""},"class_list":["post-53425","page","type-page","status-publish","hentry"],"acf":[],"yoast_head":"<!-- This site is optimized with the Yoast SEO plugin v27.5 - https:\/\/yoast.com\/product\/yoast-seo-wordpress\/ -->\n<title>Condiciones de uso - Eleonor de Casanovas<\/title>\n<meta name=\"robots\" content=\"index, follow, max-snippet:-1, max-image-preview:large, max-video-preview:-1\" \/>\n<link rel=\"canonical\" href=\"https:\/\/www.eleonordecasanovas.com\/en\/condiciones-de-uso\/\" \/>\n<meta property=\"og:locale\" content=\"en_US\" \/>\n<meta property=\"og:type\" content=\"article\" \/>\n<meta property=\"og:title\" content=\"Condiciones de uso - Eleonor de Casanovas\" \/>\n<meta property=\"og:description\" content=\"Condiciones de uso Para realizar sus compras en nuestra tienda o acceder a determinados servicios, deber\u00e1 registrar sus datos personales y elegir una contrase\u00f1a que le permitir\u00e1 acceder a todas aquellas zonas que requieran una identificaci\u00f3n previa. Esto evitar\u00e1 que, en lo sucesivo, tenga que volver a cumplimentarlos.En el momento en que usted se registra [&hellip;]\" \/>\n<meta property=\"og:url\" content=\"https:\/\/www.eleonordecasanovas.com\/en\/condiciones-de-uso\/\" \/>\n<meta property=\"og:site_name\" content=\"Eleonor de Casanovas\" \/>\n<meta property=\"article:modified_time\" content=\"2025-05-23T07:43:31+00:00\" \/>\n<meta name=\"twitter:card\" content=\"summary_large_image\" \/>\n<meta name=\"twitter:label1\" content=\"Est. reading time\" \/>\n\t<meta name=\"twitter:data1\" content=\"1 minute\" \/>\n<script type=\"application\/ld+json\" class=\"yoast-schema-graph\">{\"@context\":\"https:\\\/\\\/schema.org\",\"@graph\":[{\"@type\":\"WebPage\",\"@id\":\"https:\\\/\\\/www.eleonordecasanovas.com\\\/en\\\/condiciones-de-uso\\\/\",\"url\":\"https:\\\/\\\/www.eleonordecasanovas.com\\\/en\\\/condiciones-de-uso\\\/\",\"name\":\"Condiciones de uso - Eleonor de Casanovas\",\"isPartOf\":{\"@id\":\"https:\\\/\\\/www.eleonordecasanovas.com\\\/#website\"},\"datePublished\":\"2024-10-30T14:17:39+00:00\",\"dateModified\":\"2025-05-23T07:43:31+00:00\",\"breadcrumb\":{\"@id\":\"https:\\\/\\\/www.eleonordecasanovas.com\\\/en\\\/condiciones-de-uso\\\/#breadcrumb\"},\"inLanguage\":\"en-US\",\"potentialAction\":[{\"@type\":\"ReadAction\",\"target\":[\"https:\\\/\\\/www.eleonordecasanovas.com\\\/en\\\/condiciones-de-uso\\\/\"]}]},{\"@type\":\"BreadcrumbList\",\"@id\":\"https:\\\/\\\/www.eleonordecasanovas.com\\\/en\\\/condiciones-de-uso\\\/#breadcrumb\",\"itemListElement\":[{\"@type\":\"ListItem\",\"position\":1,\"name\":\"Portada\",\"item\":\"https:\\\/\\\/www.eleonordecasanovas.com\\\/\"},{\"@type\":\"ListItem\",\"position\":2,\"name\":\"Condiciones de uso\"}]},{\"@type\":\"WebSite\",\"@id\":\"https:\\\/\\\/www.eleonordecasanovas.com\\\/#website\",\"url\":\"https:\\\/\\\/www.eleonordecasanovas.com\\\/\",\"name\":\"Eleonor de Casanovas\",\"description\":\"Fashion Jewelry Barcelona\",\"publisher\":{\"@id\":\"https:\\\/\\\/www.eleonordecasanovas.com\\\/#organization\"},\"potentialAction\":[{\"@type\":\"SearchAction\",\"target\":{\"@type\":\"EntryPoint\",\"urlTemplate\":\"https:\\\/\\\/www.eleonordecasanovas.com\\\/?s={search_term_string}\"},\"query-input\":{\"@type\":\"PropertyValueSpecification\",\"valueRequired\":true,\"valueName\":\"search_term_string\"}}],\"inLanguage\":\"en-US\"},{\"@type\":\"Organization\",\"@id\":\"https:\\\/\\\/www.eleonordecasanovas.com\\\/#organization\",\"name\":\"Eleonor de Casanovas\",\"url\":\"https:\\\/\\\/www.eleonordecasanovas.com\\\/\",\"logo\":{\"@type\":\"ImageObject\",\"inLanguage\":\"en-US\",\"@id\":\"https:\\\/\\\/www.eleonordecasanovas.com\\\/#\\\/schema\\\/logo\\\/image\\\/\",\"url\":\"https:\\\/\\\/www.eleonordecasanovas.com\\\/wp-content\\\/uploads\\\/2024\\\/10\\\/logo_eleonor.jpg\",\"contentUrl\":\"https:\\\/\\\/www.eleonordecasanovas.com\\\/wp-content\\\/uploads\\\/2024\\\/10\\\/logo_eleonor.jpg\",\"width\":1407,\"height\":288,\"caption\":\"Eleonor de Casanovas\"},\"image\":{\"@id\":\"https:\\\/\\\/www.eleonordecasanovas.com\\\/#\\\/schema\\\/logo\\\/image\\\/\"}}]}<\/script>\n<!-- \/ Yoast SEO plugin. -->","yoast_head_json":{"title":"Condiciones de uso - Eleonor de Casanovas","robots":{"index":"index","follow":"follow","max-snippet":"max-snippet:-1","max-image-preview":"max-image-preview:large","max-video-preview":"max-video-preview:-1"},"canonical":"https:\/\/www.eleonordecasanovas.com\/en\/condiciones-de-uso\/","og_locale":"en_US","og_type":"article","og_title":"Condiciones de uso - Eleonor de Casanovas","og_description":"Condiciones de uso Para realizar sus compras en nuestra tienda o acceder a determinados servicios, deber\u00e1 registrar sus datos personales y elegir una contrase\u00f1a que le permitir\u00e1 acceder a todas aquellas zonas que requieran una identificaci\u00f3n previa. Esto evitar\u00e1 que, en lo sucesivo, tenga que volver a cumplimentarlos.En el momento en que usted se registra [&hellip;]","og_url":"https:\/\/www.eleonordecasanovas.com\/en\/condiciones-de-uso\/","og_site_name":"Eleonor de Casanovas","article_modified_time":"2025-05-23T07:43:31+00:00","twitter_card":"summary_large_image","twitter_misc":{"Est. reading time":"1 minute"},"schema":{"@context":"https:\/\/schema.org","@graph":[{"@type":"WebPage","@id":"https:\/\/www.eleonordecasanovas.com\/en\/condiciones-de-uso\/","url":"https:\/\/www.eleonordecasanovas.com\/en\/condiciones-de-uso\/","name":"Condiciones de uso - Eleonor de Casanovas","isPartOf":{"@id":"https:\/\/www.eleonordecasanovas.com\/#website"},"datePublished":"2024-10-30T14:17:39+00:00","dateModified":"2025-05-23T07:43:31+00:00","breadcrumb":{"@id":"https:\/\/www.eleonordecasanovas.com\/en\/condiciones-de-uso\/#breadcrumb"},"inLanguage":"en-US","potentialAction":[{"@type":"ReadAction","target":["https:\/\/www.eleonordecasanovas.com\/en\/condiciones-de-uso\/"]}]},{"@type":"BreadcrumbList","@id":"https:\/\/www.eleonordecasanovas.com\/en\/condiciones-de-uso\/#breadcrumb","itemListElement":[{"@type":"ListItem","position":1,"name":"Portada","item":"https:\/\/www.eleonordecasanovas.com\/"},{"@type":"ListItem","position":2,"name":"Condiciones de uso"}]},{"@type":"WebSite","@id":"https:\/\/www.eleonordecasanovas.com\/#website","url":"https:\/\/www.eleonordecasanovas.com\/","name":"Eleonor de Casanovas","description":"Fashion Jewelry Barcelona","publisher":{"@id":"https:\/\/www.eleonordecasanovas.com\/#organization"},"potentialAction":[{"@type":"SearchAction","target":{"@type":"EntryPoint","urlTemplate":"https:\/\/www.eleonordecasanovas.com\/?s={search_term_string}"},"query-input":{"@type":"PropertyValueSpecification","valueRequired":true,"valueName":"search_term_string"}}],"inLanguage":"en-US"},{"@type":"Organization","@id":"https:\/\/www.eleonordecasanovas.com\/#organization","name":"Eleonor de Casanovas","url":"https:\/\/www.eleonordecasanovas.com\/","logo":{"@type":"ImageObject","inLanguage":"en-US","@id":"https:\/\/www.eleonordecasanovas.com\/#\/schema\/logo\/image\/","url":"https:\/\/www.eleonordecasanovas.com\/wp-content\/uploads\/2024\/10\/logo_eleonor.jpg","contentUrl":"https:\/\/www.eleonordecasanovas.com\/wp-content\/uploads\/2024\/10\/logo_eleonor.jpg","width":1407,"height":288,"caption":"Eleonor de Casanovas"},"image":{"@id":"https:\/\/www.eleonordecasanovas.com\/#\/schema\/logo\/image\/"}}]}},"_links":{"self":[{"href":"https:\/\/www.eleonordecasanovas.com\/en\/wp-json\/wp\/v2\/pages\/53425","targetHints":{"allow":["GET"]}}],"collection":[{"href":"https:\/\/www.eleonordecasanovas.com\/en\/wp-json\/wp\/v2\/pages"}],"about":[{"href":"https:\/\/www.eleonordecasanovas.com\/en\/wp-json\/wp\/v2\/types\/page"}],"author":[{"embeddable":true,"href":"https:\/\/www.eleonordecasanovas.com\/en\/wp-json\/wp\/v2\/users\/1"}],"replies":[{"embeddable":true,"href":"https:\/\/www.eleonordecasanovas.com\/en\/wp-json\/wp\/v2\/comments?post=53425"}],"version-history":[{"count":0,"href":"https:\/\/www.eleonordecasanovas.com\/en\/wp-json\/wp\/v2\/pages\/53425\/revisions"}],"wp:attachment":[{"href":"https:\/\/www.eleonordecasanovas.com\/en\/wp-json\/wp\/v2\/media?parent=53425"}],"curies":[{"name":"wp","href":"https:\/\/api.w.org\/{rel}","templated":true}]}}