{"id":53429,"date":"2024-10-30T14:24:48","date_gmt":"2024-10-30T14:24:48","guid":{"rendered":"https:\/\/affectionate-hermann.82-223-68-221.plesk.page\/faqs\/"},"modified":"2025-05-23T07:51:36","modified_gmt":"2025-05-23T07:51:36","slug":"faqs","status":"publish","type":"page","link":"https:\/\/www.eleonordecasanovas.com\/en\/faqs\/","title":{"rendered":"Faqs"},"content":{"rendered":"\t\t<div data-elementor-type=\"wp-page\" data-elementor-id=\"53429\" class=\"elementor elementor-53429 elementor-15059\" data-elementor-post-type=\"page\">\n\t\t\t\t<div class=\"elementor-element elementor-element-3ee0b00a e-flex e-con-boxed e-con e-parent\" data-id=\"3ee0b00a\" data-element_type=\"container\" data-e-type=\"container\">\n\t\t\t\t\t<div class=\"e-con-inner\">\n\t\t\t\t<div class=\"elementor-element elementor-element-5ac4409 elementor-widget elementor-widget-heading\" data-id=\"5ac4409\" data-element_type=\"widget\" data-e-type=\"widget\" data-widget_type=\"heading.default\">\n\t\t\t\t<div class=\"elementor-widget-container\">\n\t\t\t\t\t<h2 class=\"elementor-heading-title elementor-size-default\">Faqs<\/h2>\t\t\t\t<\/div>\n\t\t\t\t<\/div>\n\t\t\t\t<div class=\"elementor-element elementor-element-41dbd87 elementor-widget elementor-widget-text-editor\" data-id=\"41dbd87\" data-element_type=\"widget\" data-e-type=\"widget\" data-widget_type=\"text-editor.default\">\n\t\t\t\t<div class=\"elementor-widget-container\">\n\t\t\t\t\t\t\t\t\t<script>\/\/ <![CDATA[ jQuery(document).ready(function() { jQuery(\".accordion .accord-header\").click(function() { if(jQuery(this).next(\"div\").is(\":visible\")){ jQuery(this).next(\"div\").slideUp(\"fast\"); } else { jQuery(\".accordion .accord-content\").slideUp(\"fast\"); jQuery(this).next(\"div\").slideToggle(\"fast\"); } }); }); \/\/ ]]><\/script>\n<div class=\"accordion\">\n<div class=\"accord-header\">\n<ul>\n \t<li>\u00bfCu\u00e1les son los gastos de env\u00edo?<\/li>\n<\/ul>\n<\/div>\n<div class=\"accord-content\">Los gastos de env\u00edo son gratuitos para todos los pedidos nacionales superiores a 15\u20ac.\nEnviamos todos los pedidos nacionales (Pen\u00ednsula) con la empresa de mensajer\u00eda SEUR y el plazo de entrega es de 24\/48 horas laborables.\nLos env\u00edos a Canarias se realizan por correo certificado.<\/div>\n<div class=\"accord-header\">\n<ul>\n \t<li>\u00bfCu\u00e1ndo recibir\u00e9 mi pedido?<\/li>\n<\/ul>\n<\/div>\n<div class=\"accord-content\">Dado que realizamos a mano todas las piezas en nuestro taller, necesitamos entre 1 y 3 d\u00edas para preparar tu pedido. Una vez est\u00e9 preparado te lo enviamos por SEUR o Nacex y te llega en 24\/48h.\nSi necesitas m\u00e1s informaci\u00f3n contacta con nosotros en <a href=\"mailto:info@eleonordecasanovas.com\">info@eleonordecasanovas.com<\/a> o por whatsapp\/tel\u00e9fono 609326568 <\/div>\n<div class=\"accord-header\">\n<ul>\n \t<li>\u00bfMe puedo ba\u00f1ar con las joyas?<\/li>\n<\/ul>\n<\/div>\n<div class=\"accord-content\">No recomendamos ducharse, ba\u00f1arse ni mojarse con nuestras joyas ya que tanto la humedad como el cloro, la sal, el sudor, el jab\u00f3n, las cremas, perfumes o cualquier otro agente qu\u00edmico pueden da\u00f1ar y deteriorar los ba\u00f1os de oro o determinadas piezas o piedras de los collares o pulseras.\nCon las joyas de acero si que puedes ba\u00f1arte y ducharte. Para saber si una pieza es de acero o chapada en oro, puedes ver la descripci\u00f3n del producto. Y si tienes cualquier consulta no dudes en contactarnos!  <\/div>\n<div class=\"accord-header\">\n<ul>\n \t<li>\u00bfPuedo dormir con las joyas?<\/li>\n<\/ul>\n<\/div>\n<div class=\"accord-content\">No recomendamos dormir con las joyas ya que podr\u00edan enredarse o engancharse y acabar rompi\u00e9ndose. Por otro lado, el sudor corporal tambi\u00e9n puede deteriorar las piezas y ba\u00f1os de oro. <\/div>\n<div class=\"accord-header\">\n<ul>\n \t<li>\u00bfY si quiero una medida diferente?<\/li>\n<\/ul>\n<\/div>\n<div class=\"accord-content\">S\u00f3lo tienes que indicarnos en la secci\u00f3n de Observaciones al realizar el pedido, la medida que te gustar\u00eda y te la preparamos!\nO si lo prefieres, escr\u00edbenos a <a href=\"mailto:info@eleonordecasanovas.com\">info@eleonordecasanovas.com<\/a> o ll\u00e1manos\/whatsapp a +34 609326568 y nos comentas tus preferencias.<\/div>\n<div class=\"accord-header\">\n<ul>\n \t<li>\u00bfQu\u00e9 es la cuenta de eleonordecasanovas.com?<\/li>\n<\/ul>\n<\/div>\n<div class=\"accord-content\">\n\nTu cuenta de eleonordecasanovas.com nos permite obtener los datos necesarios para el tratamiento de tus pedidos. Tienes absoluto control sobre tus datos personales. Los puedes modificar desde tu cuenta o pedir su eliminaci\u00f3n enviando un correo electr\u00f3nico a info@eleonordecasanovas.com  \n\nTu cuenta de www.eleonordecasanovas.com tambi\u00e9n te permite realizar el seguimiento de tus pedidos.\n\n<\/div>\n<div class=\"accord-header\">\n<ul>\n \t<li>\u00bfC\u00f3mo crear mi cuenta de eleonordecasanovas.com?<\/li>\n<\/ul>\n<\/div>\n<div class=\"accord-content\">Para abrir una cuenta: Haz clic en la secci\u00f3n &#8220;LOG IN&#8221; que se muestra en la parte superior derecha de tu pantalla en la p\u00e1gina de inicio. A continuaci\u00f3n, sigue el procedimiento y rellena el formulario del apartado &#8220;Cree su cuenta&#8221;. Si experimentas dificultades, no dudes en ponerte en contacto con nuestro servicio de atenci\u00f3n al cliente que te dar\u00e1 una respuesta a la mayor brevedad.  <\/div>\n<div class=\"accord-header\">\n<ul>\n \t<li>\u00bfC\u00f3mo recuperar mi usuario y contrase\u00f1a?<\/li>\n<\/ul>\n<\/div>\n<div class=\"accord-content\">Si olvidaste la contrase\u00f1a de acceso, haz clic en &#8220;LOG IN&#8221; en la parte superior derecha y en &#8220;\u00bfOlvidaste tu Contrase\u00f1a?\u201d. Te enviaremos una nueva contrase\u00f1a de forma autom\u00e1tica a tu email.<\/div>\n<div class=\"accord-header\">\n<ul>\n \t<li>\u00bfC\u00f3mo puedo ponerme en contacto con eleonordecasanovas.com?<\/li>\n<\/ul>\n<\/div>\n<div class=\"accord-content\">\u00bfAlguna pregunta? \u00bfInformaci\u00f3n? Puedes contactarnos para cualquier consulta por whatsapp +34 609326568, email <a href=\"mailto:info@eleonordecasanovas.com\">info@eleonordecasanovas.com<\/a> o tel\u00e9fono +34 609326568  <\/div>\n<div class=\"accord-header\">\n<ul>\n \t<li>\u00bfCu\u00e1les son los medios de pago?<\/li>\n<\/ul>\n<\/div>\n<div class=\"accord-content\">Elige el modo de pago durante tu pedido.\n&#8211; Pago con tarjeta de cr\u00e9dito o d\u00e9bito (Visa, MasterCard y JCB)\n&#8211; Pago mediante PayPal (NO es necesario disponer de cuenta PayPal para realizar el pago)\n&#8211; Pago por transferencia bancaria: contacta con nosotros en <a href=\"mailto:info@eleonordecasanovas.com\">info@eleonordecasanovas.com<\/a> o whatsapp\/telf 609326568 y te confirmaremos el importe total as\u00ed como los datos bancarios para realizar el pago\n&#8211; Pago por Bizum: contacta con nosotros en <a href=\"mailto:info@eleonordecasanovas.com\">info@eleonordecasanovas.com<\/a> o whatsapp\/telf 609326568<\/div>\n<div class=\"accord-header\">\n<ul>\n \t<li>\u00bfEs seguro el pago en l\u00ednea?<\/li>\n<\/ul>\n<\/div>\n<div class=\"accord-content\">Realiza tus compras sin problema en eleonordecasanovas.com con la garant\u00eda de una m\u00e1xima seguridad. eleonordecasanovas.com dedica su m\u00e1xima atenci\u00f3n en cuanto a la seguridad del pago en Internet. Tus datos bancarios se remitir\u00e1n a nuestro servidor de forma cifrada a trav\u00e9s del protocolo SSL (Secure Socket Layer) y se transmitir\u00e1n en un entorno totalmente seguro a nuestro banco. No registramos en ning\u00fan momento estos datos.   <\/div>\n<div class=\"accord-header\">\n<ul>\n \t<li>\u00bfQu\u00e9 pasa si no me viene bien el producto? \u00bfLo puedo cambiar? \u00bfLo puedo devolver?  <\/li>\n<\/ul>\n<\/div>\n<div class=\"accord-content\">\u00a1No te preocupes, lo solucionamos!. Accede a la secci\u00f3n de Cambios y Devoluciones.<\/div>\n<div class=\"accord-header\">\n<ul>\n \t<li>\u00bfEn cu\u00e1ntos idiomas se puede navegar?<\/li>\n<\/ul>\n<\/div>\n<div class=\"accord-content\">Los idiomas de navegaci\u00f3n de eleonordecasanovas.com son: Espa\u00f1ol e Ingl\u00e9s .<\/div>\n<div class=\"accord-header\">\n<ul>\n \t<li>\u00bfReponen los art\u00edculos con la indicaci\u00f3n \u201cagotado\u201d?<\/li>\n<\/ul>\n<\/div>\n<div class=\"accord-content\">Si un art\u00edculo est\u00e1 agotado, trataremos de reponerlo lo antes posible. Si no hubiese stock, lo retirar\u00edamos de la web. <\/div>\n<div class=\"accord-header\">\n<ul>\n \t<li>\u00bfRecibir\u00e9 el mismo producto que veo en la foto?<\/li>\n<\/ul>\n<\/div>\n<div class=\"accord-content\">S\u00ed, excepto en aquellos productos con procesos artesanales en los que podr\u00eda haber una m\u00ednima diferencia en el acabado.<\/div>\n<div class=\"accord-header\">\n<ul>\n \t<li>\u00bfEs posible recibir informaci\u00f3n peri\u00f3dica en mi email con las \u00faltimas novedades y ofertas de eleonordecasanovas.com?<\/li>\n<\/ul>\n<\/div>\n<div class=\"accord-content\">S\u00ed. Simplemente accediendo a \u201cNewsletter\u201d recibir\u00e1s informaci\u00f3n sobre las \u00faltimas novedades de Eleonordecasanovas <\/div>\n<div class=\"accord-header\">\n<ul>\n \t<li>\u00bfPuedo darme de baja de la Newsletter de Eleonordecasanovas?<\/li>\n<\/ul>\n<\/div>\n<div class=\"accord-content\">Env\u00eda un email a <a href=\"mailto:info@eleonordecasanovas.com\">info@eleonordecasanovas.com<\/a> d\u00e1ndote de baja.<\/div>\n<div class=\"accord-header\">\n<ul>\n \t<li>\u00bfC\u00f3mo puedo asegurarme de haber realizado bien mi compra?<\/li>\n<\/ul>\n<\/div>\n<div class=\"accord-content\">Una vez hecho tu pedido, recibir\u00e1s un email de confirmaci\u00f3n. Si no lo recibieses, ponte en contacto con nosotros por whatsapp +34 609326568, mediante email <a href=\"mailto:info@eleonordecasanovas.com\">info@eleonordecasanovas.com<\/a> o tel\u00e9fono +34 609326568 <\/div>\n<div class=\"accord-header\">\n<ul>\n \t<li>\u00bfPuedo saber en qu\u00e9 estado se encuentra mi pedido?<\/li>\n<\/ul>\n<\/div>\n<div class=\"accord-content\">S\u00ed. Accede al apartado \u201chistoria y detalles de mi pedido\u201d de tu cuenta y podr\u00e1s ver el estado de tu pedido. <\/div>\n<div class=\"accord-header\">\n<ul>\n \t<li>\u00bfPuedo eliminar alg\u00fan art\u00edculo de mi pedido?<\/li>\n<\/ul>\n<\/div>\n<div class=\"accord-content\">S\u00ed. Desde la cesta de compra podr\u00e1s eliminar los art\u00edculos que no deseas siempre y cuando no hayas tramitado el pedido. Es decir cuando no hayas realizado la compra.  <\/div>\n<div class=\"accord-header\">\n<ul>\n \t<li>\u00bfQu\u00e9 debo hacer si me llega un art\u00edculo defectuoso?<\/li>\n<\/ul>\n<\/div>\n<div class=\"accord-content\">Eleonordecasanovas s\u00f3lo vende art\u00edculos en perfecto estado, por lo que si, excepcionalmente te llega un art\u00edculo con alguna tara ponte en contacto con nosotros y te lo cambiaremos sin coste alguno.<\/div>\n<div class=\"accord-header\">\n<ul>\n \t<li>\u00bfQu\u00e9 debo hacer si me llega un art\u00edculo incorrecto?<\/li>\n<\/ul>\n<\/div>\n<div class=\"accord-content\">Si en alguna ocasi\u00f3n, por error, te llega un art\u00edculo que no has pedido ponte en contacto con nosotros y te lo cambiaremos sin coste alguno.<\/div>\n<\/div>\t\t\t\t\t\t\t\t<\/div>\n\t\t\t\t<\/div>\n\t\t\t\t\t<\/div>\n\t\t\t\t<\/div>\n\t\t\t\t<\/div>\n\t\t","protected":false},"excerpt":{"rendered":"<p>Faqs \u00bfCu\u00e1les son los gastos de env\u00edo? Los gastos de env\u00edo son gratuitos para todos los pedidos nacionales superiores a 15\u20ac. Enviamos todos los pedidos nacionales (Pen\u00ednsula) con la empresa de mensajer\u00eda SEUR y el plazo de entrega es de 24\/48 horas laborables. Los env\u00edos a Canarias se realizan por correo certificado. \u00bfCu\u00e1ndo recibir\u00e9 mi [&hellip;]<\/p>\n","protected":false},"author":1,"featured_media":0,"parent":0,"menu_order":0,"comment_status":"closed","ping_status":"closed","template":"","meta":{"_acf_changed":false,"footnotes":""},"class_list":["post-53429","page","type-page","status-publish","hentry"],"acf":[],"yoast_head":"<!-- This site is optimized with the Yoast SEO plugin v27.5 - https:\/\/yoast.com\/product\/yoast-seo-wordpress\/ -->\n<title>Faqs - Eleonor de Casanovas<\/title>\n<meta name=\"robots\" content=\"index, follow, max-snippet:-1, max-image-preview:large, max-video-preview:-1\" \/>\n<link rel=\"canonical\" href=\"https:\/\/www.eleonordecasanovas.com\/en\/faqs\/\" \/>\n<meta property=\"og:locale\" content=\"en_US\" \/>\n<meta property=\"og:type\" content=\"article\" \/>\n<meta property=\"og:title\" content=\"Faqs - Eleonor de Casanovas\" \/>\n<meta property=\"og:description\" content=\"Faqs \u00bfCu\u00e1les son los gastos de env\u00edo? Los gastos de env\u00edo son gratuitos para todos los pedidos nacionales superiores a 15\u20ac. Enviamos todos los pedidos nacionales (Pen\u00ednsula) con la empresa de mensajer\u00eda SEUR y el plazo de entrega es de 24\/48 horas laborables. Los env\u00edos a Canarias se realizan por correo certificado. \u00bfCu\u00e1ndo recibir\u00e9 mi [&hellip;]\" \/>\n<meta property=\"og:url\" content=\"https:\/\/www.eleonordecasanovas.com\/en\/faqs\/\" \/>\n<meta property=\"og:site_name\" content=\"Eleonor de Casanovas\" \/>\n<meta property=\"article:modified_time\" content=\"2025-05-23T07:51:36+00:00\" \/>\n<meta name=\"twitter:card\" content=\"summary_large_image\" \/>\n<meta name=\"twitter:label1\" content=\"Est. reading time\" \/>\n\t<meta name=\"twitter:data1\" content=\"5 minutes\" \/>\n<script type=\"application\/ld+json\" class=\"yoast-schema-graph\">{\"@context\":\"https:\\\/\\\/schema.org\",\"@graph\":[{\"@type\":\"WebPage\",\"@id\":\"https:\\\/\\\/www.eleonordecasanovas.com\\\/en\\\/faqs\\\/\",\"url\":\"https:\\\/\\\/www.eleonordecasanovas.com\\\/en\\\/faqs\\\/\",\"name\":\"Faqs - Eleonor de Casanovas\",\"isPartOf\":{\"@id\":\"https:\\\/\\\/www.eleonordecasanovas.com\\\/#website\"},\"datePublished\":\"2024-10-30T14:24:48+00:00\",\"dateModified\":\"2025-05-23T07:51:36+00:00\",\"breadcrumb\":{\"@id\":\"https:\\\/\\\/www.eleonordecasanovas.com\\\/en\\\/faqs\\\/#breadcrumb\"},\"inLanguage\":\"en-US\",\"potentialAction\":[{\"@type\":\"ReadAction\",\"target\":[\"https:\\\/\\\/www.eleonordecasanovas.com\\\/en\\\/faqs\\\/\"]}]},{\"@type\":\"BreadcrumbList\",\"@id\":\"https:\\\/\\\/www.eleonordecasanovas.com\\\/en\\\/faqs\\\/#breadcrumb\",\"itemListElement\":[{\"@type\":\"ListItem\",\"position\":1,\"name\":\"Portada\",\"item\":\"https:\\\/\\\/www.eleonordecasanovas.com\\\/\"},{\"@type\":\"ListItem\",\"position\":2,\"name\":\"Faqs\"}]},{\"@type\":\"WebSite\",\"@id\":\"https:\\\/\\\/www.eleonordecasanovas.com\\\/#website\",\"url\":\"https:\\\/\\\/www.eleonordecasanovas.com\\\/\",\"name\":\"Eleonor de Casanovas\",\"description\":\"Fashion Jewelry Barcelona\",\"publisher\":{\"@id\":\"https:\\\/\\\/www.eleonordecasanovas.com\\\/#organization\"},\"potentialAction\":[{\"@type\":\"SearchAction\",\"target\":{\"@type\":\"EntryPoint\",\"urlTemplate\":\"https:\\\/\\\/www.eleonordecasanovas.com\\\/?s={search_term_string}\"},\"query-input\":{\"@type\":\"PropertyValueSpecification\",\"valueRequired\":true,\"valueName\":\"search_term_string\"}}],\"inLanguage\":\"en-US\"},{\"@type\":\"Organization\",\"@id\":\"https:\\\/\\\/www.eleonordecasanovas.com\\\/#organization\",\"name\":\"Eleonor de Casanovas\",\"url\":\"https:\\\/\\\/www.eleonordecasanovas.com\\\/\",\"logo\":{\"@type\":\"ImageObject\",\"inLanguage\":\"en-US\",\"@id\":\"https:\\\/\\\/www.eleonordecasanovas.com\\\/#\\\/schema\\\/logo\\\/image\\\/\",\"url\":\"https:\\\/\\\/www.eleonordecasanovas.com\\\/wp-content\\\/uploads\\\/2024\\\/10\\\/logo_eleonor.jpg\",\"contentUrl\":\"https:\\\/\\\/www.eleonordecasanovas.com\\\/wp-content\\\/uploads\\\/2024\\\/10\\\/logo_eleonor.jpg\",\"width\":1407,\"height\":288,\"caption\":\"Eleonor de Casanovas\"},\"image\":{\"@id\":\"https:\\\/\\\/www.eleonordecasanovas.com\\\/#\\\/schema\\\/logo\\\/image\\\/\"}}]}<\/script>\n<!-- \/ Yoast SEO plugin. -->","yoast_head_json":{"title":"Faqs - Eleonor de Casanovas","robots":{"index":"index","follow":"follow","max-snippet":"max-snippet:-1","max-image-preview":"max-image-preview:large","max-video-preview":"max-video-preview:-1"},"canonical":"https:\/\/www.eleonordecasanovas.com\/en\/faqs\/","og_locale":"en_US","og_type":"article","og_title":"Faqs - Eleonor de Casanovas","og_description":"Faqs \u00bfCu\u00e1les son los gastos de env\u00edo? Los gastos de env\u00edo son gratuitos para todos los pedidos nacionales superiores a 15\u20ac. Enviamos todos los pedidos nacionales (Pen\u00ednsula) con la empresa de mensajer\u00eda SEUR y el plazo de entrega es de 24\/48 horas laborables. Los env\u00edos a Canarias se realizan por correo certificado. \u00bfCu\u00e1ndo recibir\u00e9 mi [&hellip;]","og_url":"https:\/\/www.eleonordecasanovas.com\/en\/faqs\/","og_site_name":"Eleonor de Casanovas","article_modified_time":"2025-05-23T07:51:36+00:00","twitter_card":"summary_large_image","twitter_misc":{"Est. reading time":"5 minutes"},"schema":{"@context":"https:\/\/schema.org","@graph":[{"@type":"WebPage","@id":"https:\/\/www.eleonordecasanovas.com\/en\/faqs\/","url":"https:\/\/www.eleonordecasanovas.com\/en\/faqs\/","name":"Faqs - Eleonor de Casanovas","isPartOf":{"@id":"https:\/\/www.eleonordecasanovas.com\/#website"},"datePublished":"2024-10-30T14:24:48+00:00","dateModified":"2025-05-23T07:51:36+00:00","breadcrumb":{"@id":"https:\/\/www.eleonordecasanovas.com\/en\/faqs\/#breadcrumb"},"inLanguage":"en-US","potentialAction":[{"@type":"ReadAction","target":["https:\/\/www.eleonordecasanovas.com\/en\/faqs\/"]}]},{"@type":"BreadcrumbList","@id":"https:\/\/www.eleonordecasanovas.com\/en\/faqs\/#breadcrumb","itemListElement":[{"@type":"ListItem","position":1,"name":"Portada","item":"https:\/\/www.eleonordecasanovas.com\/"},{"@type":"ListItem","position":2,"name":"Faqs"}]},{"@type":"WebSite","@id":"https:\/\/www.eleonordecasanovas.com\/#website","url":"https:\/\/www.eleonordecasanovas.com\/","name":"Eleonor de Casanovas","description":"Fashion Jewelry Barcelona","publisher":{"@id":"https:\/\/www.eleonordecasanovas.com\/#organization"},"potentialAction":[{"@type":"SearchAction","target":{"@type":"EntryPoint","urlTemplate":"https:\/\/www.eleonordecasanovas.com\/?s={search_term_string}"},"query-input":{"@type":"PropertyValueSpecification","valueRequired":true,"valueName":"search_term_string"}}],"inLanguage":"en-US"},{"@type":"Organization","@id":"https:\/\/www.eleonordecasanovas.com\/#organization","name":"Eleonor de Casanovas","url":"https:\/\/www.eleonordecasanovas.com\/","logo":{"@type":"ImageObject","inLanguage":"en-US","@id":"https:\/\/www.eleonordecasanovas.com\/#\/schema\/logo\/image\/","url":"https:\/\/www.eleonordecasanovas.com\/wp-content\/uploads\/2024\/10\/logo_eleonor.jpg","contentUrl":"https:\/\/www.eleonordecasanovas.com\/wp-content\/uploads\/2024\/10\/logo_eleonor.jpg","width":1407,"height":288,"caption":"Eleonor de Casanovas"},"image":{"@id":"https:\/\/www.eleonordecasanovas.com\/#\/schema\/logo\/image\/"}}]}},"_links":{"self":[{"href":"https:\/\/www.eleonordecasanovas.com\/en\/wp-json\/wp\/v2\/pages\/53429","targetHints":{"allow":["GET"]}}],"collection":[{"href":"https:\/\/www.eleonordecasanovas.com\/en\/wp-json\/wp\/v2\/pages"}],"about":[{"href":"https:\/\/www.eleonordecasanovas.com\/en\/wp-json\/wp\/v2\/types\/page"}],"author":[{"embeddable":true,"href":"https:\/\/www.eleonordecasanovas.com\/en\/wp-json\/wp\/v2\/users\/1"}],"replies":[{"embeddable":true,"href":"https:\/\/www.eleonordecasanovas.com\/en\/wp-json\/wp\/v2\/comments?post=53429"}],"version-history":[{"count":0,"href":"https:\/\/www.eleonordecasanovas.com\/en\/wp-json\/wp\/v2\/pages\/53429\/revisions"}],"wp:attachment":[{"href":"https:\/\/www.eleonordecasanovas.com\/en\/wp-json\/wp\/v2\/media?parent=53429"}],"curies":[{"name":"wp","href":"https:\/\/api.w.org\/{rel}","templated":true}]}}