{"id":53431,"date":"2024-10-30T15:10:57","date_gmt":"2024-10-30T15:10:57","guid":{"rendered":"https:\/\/affectionate-hermann.82-223-68-221.plesk.page\/about-us\/"},"modified":"2025-05-23T07:52:15","modified_gmt":"2025-05-23T07:52:15","slug":"about-us","status":"publish","type":"page","link":"https:\/\/www.eleonordecasanovas.com\/en\/about-us\/","title":{"rendered":"About us"},"content":{"rendered":"\t\t<div data-elementor-type=\"wp-page\" data-elementor-id=\"53431\" class=\"elementor elementor-53431 elementor-15087\" data-elementor-post-type=\"page\">\n\t\t\t\t<div class=\"elementor-element elementor-element-74933eb2 e-flex e-con-boxed e-con e-parent\" data-id=\"74933eb2\" data-element_type=\"container\" data-e-type=\"container\">\n\t\t\t\t\t<div class=\"e-con-inner\">\n\t\t\t\t<div class=\"elementor-element elementor-element-edeea35 elementor-widget elementor-widget-heading\" data-id=\"edeea35\" data-element_type=\"widget\" data-e-type=\"widget\" data-widget_type=\"heading.default\">\n\t\t\t\t<div class=\"elementor-widget-container\">\n\t\t\t\t\t<h2 class=\"elementor-heading-title elementor-size-default\">About us<\/h2>\t\t\t\t<\/div>\n\t\t\t\t<\/div>\n\t\t<div class=\"elementor-element elementor-element-b660c9f e-con-full e-flex e-con e-child\" data-id=\"b660c9f\" data-element_type=\"container\" data-e-type=\"container\">\n\t\t<div class=\"elementor-element elementor-element-e458879 e-con-full e-flex e-con e-child\" data-id=\"e458879\" data-element_type=\"container\" data-e-type=\"container\">\n\t\t\t\t<div class=\"elementor-element elementor-element-5a418ef elementor-widget elementor-widget-image\" data-id=\"5a418ef\" data-element_type=\"widget\" data-e-type=\"widget\" data-widget_type=\"image.default\">\n\t\t\t\t<div class=\"elementor-widget-container\">\n\t\t\t\t\t\t\t\t\t\t\t\t\t\t\t<img fetchpriority=\"high\" decoding=\"async\" width=\"502\" height=\"416\" src=\"https:\/\/www.eleonordecasanovas.com\/wp-content\/uploads\/2024\/10\/historia.jpeg\" class=\"attachment-large size-large wp-image-30716\" alt=\"\" srcset=\"https:\/\/www.eleonordecasanovas.com\/wp-content\/uploads\/2024\/10\/historia.jpeg 502w, https:\/\/www.eleonordecasanovas.com\/wp-content\/uploads\/2024\/10\/historia-300x249.jpeg 300w\" sizes=\"(max-width: 502px) 100vw, 502px\" \/>\t\t\t\t\t\t\t\t\t\t\t\t\t\t\t<\/div>\n\t\t\t\t<\/div>\n\t\t\t\t<\/div>\n\t\t<div class=\"elementor-element elementor-element-64b15af e-con-full e-flex e-con e-child\" data-id=\"64b15af\" data-element_type=\"container\" data-e-type=\"container\">\n\t\t\t\t<div class=\"elementor-element elementor-element-19b8d795 elementor-widget elementor-widget-text-editor\" data-id=\"19b8d795\" data-element_type=\"widget\" data-e-type=\"widget\" data-widget_type=\"text-editor.default\">\n\t\t\t\t<div class=\"elementor-widget-container\">\n\t\t\t\t\t\t\t\t\t<p><strong>Eleonor de Casanovas<\/strong> es una firma de joyer\u00eda creada por Eleonor con una curiosa historia detr\u00e1s: comenz\u00f3 dise\u00f1ando joyas como hobby durante su estancia en Londres.<\/p><p>All\u00ed estudi\u00f3 en Central St Martin\u2019s College of Art and Design y le apasionaba vender sus dise\u00f1os en mercados de moda londinenses como Spitalfields Market o Brick Lane.<\/p><p><strong>El principal objetivo de Eleonor de Casanovas es ofrecer joyas \u00fanicas, originales y especiales que te acompa\u00f1en en tu d\u00eda a d\u00eda haci\u00e9ndote sentir que esa pieza ha sido dise\u00f1ada y creada especialmente para ti.<\/strong><\/p>\t\t\t\t\t\t\t\t<\/div>\n\t\t\t\t<\/div>\n\t\t\t\t<\/div>\n\t\t<div class=\"elementor-element elementor-element-aea50b6 e-con-full e-flex e-con e-child\" data-id=\"aea50b6\" data-element_type=\"container\" data-e-type=\"container\">\n\t\t\t\t<div class=\"elementor-element elementor-element-62f2fe9 elementor-widget elementor-widget-text-editor\" data-id=\"62f2fe9\" data-element_type=\"widget\" data-e-type=\"widget\" data-widget_type=\"text-editor.default\">\n\t\t\t\t<div class=\"elementor-widget-container\">\n\t\t\t\t\t\t\t\t\tPero, <strong>\u00bfqu\u00e9 es lo que distingue a Eleonor del resto?<\/strong>\n<br><br>Que todas las piezas se hacen a mano y se ba\u00f1an en 2-3 micras de oro de 18\/24K en Barcelona, cuidando hasta el \u00faltimo detalle de la producci\u00f3n y utilizando siempre los mejores materiales para garantizar la mayor durabilidad y calidad de cada pieza. Eleonor aprovecha tambi\u00e9n muchos de sus viajes para conseguir piezas diferentes y originales y as\u00ed conseguir un estilo de joyer\u00eda \u00fanico, diferente y exclusivo. \t\t\t\t\t\t\t\t<\/div>\n\t\t\t\t<\/div>\n\t\t\t\t<\/div>\n\t\t\t\t<\/div>\n\t\t\t\t\t<\/div>\n\t\t\t\t<\/div>\n\t\t\t\t<\/div>\n\t\t","protected":false},"excerpt":{"rendered":"<p>About us Eleonor de Casanovas es una firma de joyer\u00eda creada por Eleonor con una curiosa historia detr\u00e1s: comenz\u00f3 dise\u00f1ando joyas como hobby durante su estancia en Londres. All\u00ed estudi\u00f3 en Central St Martin\u2019s College of Art and Design y le apasionaba vender sus dise\u00f1os en mercados de moda londinenses como Spitalfields Market o Brick [&hellip;]<\/p>\n","protected":false},"author":1,"featured_media":0,"parent":0,"menu_order":0,"comment_status":"closed","ping_status":"closed","template":"","meta":{"_acf_changed":false,"footnotes":""},"class_list":["post-53431","page","type-page","status-publish","hentry"],"acf":[],"yoast_head":"<!-- This site is optimized with the Yoast SEO plugin v27.5 - https:\/\/yoast.com\/product\/yoast-seo-wordpress\/ -->\n<title>About us - Eleonor de Casanovas<\/title>\n<meta name=\"robots\" content=\"index, follow, max-snippet:-1, max-image-preview:large, max-video-preview:-1\" \/>\n<link rel=\"canonical\" href=\"https:\/\/www.eleonordecasanovas.com\/en\/about-us\/\" \/>\n<meta property=\"og:locale\" content=\"en_US\" \/>\n<meta property=\"og:type\" content=\"article\" \/>\n<meta property=\"og:title\" content=\"About us - Eleonor de Casanovas\" \/>\n<meta property=\"og:description\" content=\"About us Eleonor de Casanovas es una firma de joyer\u00eda creada por Eleonor con una curiosa historia detr\u00e1s: comenz\u00f3 dise\u00f1ando joyas como hobby durante su estancia en Londres. All\u00ed estudi\u00f3 en Central St Martin\u2019s College of Art and Design y le apasionaba vender sus dise\u00f1os en mercados de moda londinenses como Spitalfields Market o Brick [&hellip;]\" \/>\n<meta property=\"og:url\" content=\"https:\/\/www.eleonordecasanovas.com\/en\/about-us\/\" \/>\n<meta property=\"og:site_name\" content=\"Eleonor de Casanovas\" \/>\n<meta property=\"article:modified_time\" content=\"2025-05-23T07:52:15+00:00\" \/>\n<meta property=\"og:image\" content=\"https:\/\/www.eleonordecasanovas.com\/wp-content\/uploads\/2024\/10\/historia.jpeg\" \/>\n\t<meta property=\"og:image:width\" content=\"502\" \/>\n\t<meta property=\"og:image:height\" content=\"416\" \/>\n\t<meta property=\"og:image:type\" content=\"image\/jpeg\" \/>\n<meta name=\"twitter:card\" content=\"summary_large_image\" \/>\n<meta name=\"twitter:label1\" content=\"Est. reading time\" \/>\n\t<meta name=\"twitter:data1\" content=\"1 minute\" \/>\n<script type=\"application\/ld+json\" class=\"yoast-schema-graph\">{\"@context\":\"https:\\\/\\\/schema.org\",\"@graph\":[{\"@type\":\"WebPage\",\"@id\":\"https:\\\/\\\/www.eleonordecasanovas.com\\\/en\\\/about-us\\\/\",\"url\":\"https:\\\/\\\/www.eleonordecasanovas.com\\\/en\\\/about-us\\\/\",\"name\":\"About us - Eleonor de Casanovas\",\"isPartOf\":{\"@id\":\"https:\\\/\\\/www.eleonordecasanovas.com\\\/#website\"},\"primaryImageOfPage\":{\"@id\":\"https:\\\/\\\/www.eleonordecasanovas.com\\\/en\\\/about-us\\\/#primaryimage\"},\"image\":{\"@id\":\"https:\\\/\\\/www.eleonordecasanovas.com\\\/en\\\/about-us\\\/#primaryimage\"},\"thumbnailUrl\":\"https:\\\/\\\/www.eleonordecasanovas.com\\\/wp-content\\\/uploads\\\/2024\\\/10\\\/historia.jpeg\",\"datePublished\":\"2024-10-30T15:10:57+00:00\",\"dateModified\":\"2025-05-23T07:52:15+00:00\",\"breadcrumb\":{\"@id\":\"https:\\\/\\\/www.eleonordecasanovas.com\\\/en\\\/about-us\\\/#breadcrumb\"},\"inLanguage\":\"en-US\",\"potentialAction\":[{\"@type\":\"ReadAction\",\"target\":[\"https:\\\/\\\/www.eleonordecasanovas.com\\\/en\\\/about-us\\\/\"]}]},{\"@type\":\"ImageObject\",\"inLanguage\":\"en-US\",\"@id\":\"https:\\\/\\\/www.eleonordecasanovas.com\\\/en\\\/about-us\\\/#primaryimage\",\"url\":\"https:\\\/\\\/www.eleonordecasanovas.com\\\/wp-content\\\/uploads\\\/2024\\\/10\\\/historia.jpeg\",\"contentUrl\":\"https:\\\/\\\/www.eleonordecasanovas.com\\\/wp-content\\\/uploads\\\/2024\\\/10\\\/historia.jpeg\"},{\"@type\":\"BreadcrumbList\",\"@id\":\"https:\\\/\\\/www.eleonordecasanovas.com\\\/en\\\/about-us\\\/#breadcrumb\",\"itemListElement\":[{\"@type\":\"ListItem\",\"position\":1,\"name\":\"Portada\",\"item\":\"https:\\\/\\\/www.eleonordecasanovas.com\\\/\"},{\"@type\":\"ListItem\",\"position\":2,\"name\":\"About us\"}]},{\"@type\":\"WebSite\",\"@id\":\"https:\\\/\\\/www.eleonordecasanovas.com\\\/#website\",\"url\":\"https:\\\/\\\/www.eleonordecasanovas.com\\\/\",\"name\":\"Eleonor de Casanovas\",\"description\":\"Fashion Jewelry Barcelona\",\"publisher\":{\"@id\":\"https:\\\/\\\/www.eleonordecasanovas.com\\\/#organization\"},\"potentialAction\":[{\"@type\":\"SearchAction\",\"target\":{\"@type\":\"EntryPoint\",\"urlTemplate\":\"https:\\\/\\\/www.eleonordecasanovas.com\\\/?s={search_term_string}\"},\"query-input\":{\"@type\":\"PropertyValueSpecification\",\"valueRequired\":true,\"valueName\":\"search_term_string\"}}],\"inLanguage\":\"en-US\"},{\"@type\":\"Organization\",\"@id\":\"https:\\\/\\\/www.eleonordecasanovas.com\\\/#organization\",\"name\":\"Eleonor de Casanovas\",\"url\":\"https:\\\/\\\/www.eleonordecasanovas.com\\\/\",\"logo\":{\"@type\":\"ImageObject\",\"inLanguage\":\"en-US\",\"@id\":\"https:\\\/\\\/www.eleonordecasanovas.com\\\/#\\\/schema\\\/logo\\\/image\\\/\",\"url\":\"https:\\\/\\\/www.eleonordecasanovas.com\\\/wp-content\\\/uploads\\\/2024\\\/10\\\/logo_eleonor.jpg\",\"contentUrl\":\"https:\\\/\\\/www.eleonordecasanovas.com\\\/wp-content\\\/uploads\\\/2024\\\/10\\\/logo_eleonor.jpg\",\"width\":1407,\"height\":288,\"caption\":\"Eleonor de Casanovas\"},\"image\":{\"@id\":\"https:\\\/\\\/www.eleonordecasanovas.com\\\/#\\\/schema\\\/logo\\\/image\\\/\"}}]}<\/script>\n<!-- \/ Yoast SEO plugin. -->","yoast_head_json":{"title":"About us - Eleonor de Casanovas","robots":{"index":"index","follow":"follow","max-snippet":"max-snippet:-1","max-image-preview":"max-image-preview:large","max-video-preview":"max-video-preview:-1"},"canonical":"https:\/\/www.eleonordecasanovas.com\/en\/about-us\/","og_locale":"en_US","og_type":"article","og_title":"About us - Eleonor de Casanovas","og_description":"About us Eleonor de Casanovas es una firma de joyer\u00eda creada por Eleonor con una curiosa historia detr\u00e1s: comenz\u00f3 dise\u00f1ando joyas como hobby durante su estancia en Londres. All\u00ed estudi\u00f3 en Central St Martin\u2019s College of Art and Design y le apasionaba vender sus dise\u00f1os en mercados de moda londinenses como Spitalfields Market o Brick [&hellip;]","og_url":"https:\/\/www.eleonordecasanovas.com\/en\/about-us\/","og_site_name":"Eleonor de Casanovas","article_modified_time":"2025-05-23T07:52:15+00:00","og_image":[{"width":502,"height":416,"url":"https:\/\/www.eleonordecasanovas.com\/wp-content\/uploads\/2024\/10\/historia.jpeg","type":"image\/jpeg"}],"twitter_card":"summary_large_image","twitter_misc":{"Est. reading time":"1 minute"},"schema":{"@context":"https:\/\/schema.org","@graph":[{"@type":"WebPage","@id":"https:\/\/www.eleonordecasanovas.com\/en\/about-us\/","url":"https:\/\/www.eleonordecasanovas.com\/en\/about-us\/","name":"About us - Eleonor de Casanovas","isPartOf":{"@id":"https:\/\/www.eleonordecasanovas.com\/#website"},"primaryImageOfPage":{"@id":"https:\/\/www.eleonordecasanovas.com\/en\/about-us\/#primaryimage"},"image":{"@id":"https:\/\/www.eleonordecasanovas.com\/en\/about-us\/#primaryimage"},"thumbnailUrl":"https:\/\/www.eleonordecasanovas.com\/wp-content\/uploads\/2024\/10\/historia.jpeg","datePublished":"2024-10-30T15:10:57+00:00","dateModified":"2025-05-23T07:52:15+00:00","breadcrumb":{"@id":"https:\/\/www.eleonordecasanovas.com\/en\/about-us\/#breadcrumb"},"inLanguage":"en-US","potentialAction":[{"@type":"ReadAction","target":["https:\/\/www.eleonordecasanovas.com\/en\/about-us\/"]}]},{"@type":"ImageObject","inLanguage":"en-US","@id":"https:\/\/www.eleonordecasanovas.com\/en\/about-us\/#primaryimage","url":"https:\/\/www.eleonordecasanovas.com\/wp-content\/uploads\/2024\/10\/historia.jpeg","contentUrl":"https:\/\/www.eleonordecasanovas.com\/wp-content\/uploads\/2024\/10\/historia.jpeg"},{"@type":"BreadcrumbList","@id":"https:\/\/www.eleonordecasanovas.com\/en\/about-us\/#breadcrumb","itemListElement":[{"@type":"ListItem","position":1,"name":"Portada","item":"https:\/\/www.eleonordecasanovas.com\/"},{"@type":"ListItem","position":2,"name":"About us"}]},{"@type":"WebSite","@id":"https:\/\/www.eleonordecasanovas.com\/#website","url":"https:\/\/www.eleonordecasanovas.com\/","name":"Eleonor de Casanovas","description":"Fashion Jewelry Barcelona","publisher":{"@id":"https:\/\/www.eleonordecasanovas.com\/#organization"},"potentialAction":[{"@type":"SearchAction","target":{"@type":"EntryPoint","urlTemplate":"https:\/\/www.eleonordecasanovas.com\/?s={search_term_string}"},"query-input":{"@type":"PropertyValueSpecification","valueRequired":true,"valueName":"search_term_string"}}],"inLanguage":"en-US"},{"@type":"Organization","@id":"https:\/\/www.eleonordecasanovas.com\/#organization","name":"Eleonor de Casanovas","url":"https:\/\/www.eleonordecasanovas.com\/","logo":{"@type":"ImageObject","inLanguage":"en-US","@id":"https:\/\/www.eleonordecasanovas.com\/#\/schema\/logo\/image\/","url":"https:\/\/www.eleonordecasanovas.com\/wp-content\/uploads\/2024\/10\/logo_eleonor.jpg","contentUrl":"https:\/\/www.eleonordecasanovas.com\/wp-content\/uploads\/2024\/10\/logo_eleonor.jpg","width":1407,"height":288,"caption":"Eleonor de Casanovas"},"image":{"@id":"https:\/\/www.eleonordecasanovas.com\/#\/schema\/logo\/image\/"}}]}},"_links":{"self":[{"href":"https:\/\/www.eleonordecasanovas.com\/en\/wp-json\/wp\/v2\/pages\/53431","targetHints":{"allow":["GET"]}}],"collection":[{"href":"https:\/\/www.eleonordecasanovas.com\/en\/wp-json\/wp\/v2\/pages"}],"about":[{"href":"https:\/\/www.eleonordecasanovas.com\/en\/wp-json\/wp\/v2\/types\/page"}],"author":[{"embeddable":true,"href":"https:\/\/www.eleonordecasanovas.com\/en\/wp-json\/wp\/v2\/users\/1"}],"replies":[{"embeddable":true,"href":"https:\/\/www.eleonordecasanovas.com\/en\/wp-json\/wp\/v2\/comments?post=53431"}],"version-history":[{"count":0,"href":"https:\/\/www.eleonordecasanovas.com\/en\/wp-json\/wp\/v2\/pages\/53431\/revisions"}],"wp:attachment":[{"href":"https:\/\/www.eleonordecasanovas.com\/en\/wp-json\/wp\/v2\/media?parent=53431"}],"curies":[{"name":"wp","href":"https:\/\/api.w.org\/{rel}","templated":true}]}}